{"id":2405,"date":"2023-12-04T20:41:25","date_gmt":"2023-12-04T20:41:25","guid":{"rendered":"https:\/\/www.imedk.com\/tienda\/?post_type=product&#038;p=2405"},"modified":"2023-12-04T20:41:25","modified_gmt":"2023-12-04T20:41:25","slug":"mitutoyo-293-666-20-micrometro-absoluto-digital-quickmike-0-a-30-mm-metrico","status":"publish","type":"product","link":"https:\/\/imedk.com\/tienda\/mitutoyo-293-666-20-micrometro-absoluto-digital-quickmike-0-a-30-mm-metrico\/","title":{"rendered":"Mitutoyo 293-666-20 micr\u00f3metro absoluto digital quickmike, 0 a 30 mm, m\u00e9trico"},"content":{"rendered":"<p><strong>Funciones:<\/strong><\/p>\n<ul>\n<li>La escala lineal absoluta significa que no hay restricciones en la velocidad de ajuste.<\/li>\n<li>Husillo no giratorio y dedal de fricci\u00f3n de trinquete.<\/li>\n<li>Protecci\u00f3n IP54 contra el polvo y el agua.<\/li>\n<li>Barra est\u00e1ndar para establecer el punto de origen.<\/li>\n<li>Avance r\u00e1pido del husillo de 0,39\u2033 (10 mm) por revoluciones.<\/li>\n<\/ul>\n<p>&nbsp;<\/p>\n<h4>Mitutoyo 293-666-20 Especificaciones<\/h4>\n<table class=\"table table-striped\">\n<tbody>\n<tr>\n<td>Gama<\/td>\n<td>De 0 a 30 mm<\/td>\n<\/tr>\n<tr>\n<td>Exactitud<\/td>\n<td>\u00b12 \u03bcm\/0,0001\u2033 (0,0025 mm)<br \/>\n\u00b10,1 \u03bcm<\/td>\n<\/tr>\n<tr>\n<td>Llanura<\/td>\n<td>0,3 \u03bcm<\/td>\n<\/tr>\n<tr>\n<td>Paralelismo<\/td>\n<td>2 \u03bcm<\/td>\n<\/tr>\n<tr>\n<td>Paso digital<\/td>\n<td>0,00005\u2033 por 0,001 mm<\/td>\n<\/tr>\n<tr>\n<td>Superficies de medici\u00f3n<\/td>\n<td>Punta de carburo, acabado microtraslapado<\/td>\n<\/tr>\n<tr>\n<td>Husillo de medici\u00f3n<\/td>\n<td>\u00d8 0,25\u2033 (6,35 mm), sin rotaci\u00f3n, alimentaci\u00f3n de husillo de 0,39\u2033 (10 mm)<\/td>\n<\/tr>\n<tr>\n<td>Fuerza de medici\u00f3n<\/td>\n<td>5 \u2013 12 N<\/td>\n<\/tr>\n<tr>\n<td>Peso<\/td>\n<td>0 g (78,275 libras)<\/td>\n<\/tr>\n<tr>\n<td>Rango de medici\u00f3n<\/td>\n<td>1,18\u2033 (30 mm)<\/td>\n<\/tr>\n<\/tbody>\n<\/table>\n","protected":false},"excerpt":{"rendered":"<p>El micr\u00f3metro digital de 0 a 30 mm proporciona un avance veloz del husillo en comparaci\u00f3n con el micr\u00f3metro convencional. Incluye una escala lineal absoluta y tiene un extenso rango de medici\u00f3n, lo que permite medir velozmente m\u00faltiples piezas de trabajo con diferentes formas.<\/p>\n","protected":false},"featured_media":2406,"comment_status":"open","ping_status":"closed","template":"","meta":[],"product_cat":[15],"product_tag":[],"class_list":{"0":"post-2405","1":"product","2":"type-product","3":"status-publish","4":"has-post-thumbnail","6":"product_cat-sin-categorizar","8":"first","9":"instock","10":"shipping-taxable","11":"product-type-simple"},"jetpack_sharing_enabled":true,"_links":{"self":[{"href":"https:\/\/imedk.com\/tienda\/wp-json\/wp\/v2\/product\/2405"}],"collection":[{"href":"https:\/\/imedk.com\/tienda\/wp-json\/wp\/v2\/product"}],"about":[{"href":"https:\/\/imedk.com\/tienda\/wp-json\/wp\/v2\/types\/product"}],"replies":[{"embeddable":true,"href":"https:\/\/imedk.com\/tienda\/wp-json\/wp\/v2\/comments?post=2405"}],"wp:featuredmedia":[{"embeddable":true,"href":"https:\/\/imedk.com\/tienda\/wp-json\/wp\/v2\/media\/2406"}],"wp:attachment":[{"href":"https:\/\/imedk.com\/tienda\/wp-json\/wp\/v2\/media?parent=2405"}],"wp:term":[{"taxonomy":"product_cat","embeddable":true,"href":"https:\/\/imedk.com\/tienda\/wp-json\/wp\/v2\/product_cat?post=2405"},{"taxonomy":"product_tag","embeddable":true,"href":"https:\/\/imedk.com\/tienda\/wp-json\/wp\/v2\/product_tag?post=2405"}],"curies":[{"name":"wp","href":"https:\/\/api.w.org\/{rel}","templated":true}]}}