{"id":2564,"date":"2023-12-05T19:18:59","date_gmt":"2023-12-05T19:18:59","guid":{"rendered":"https:\/\/www.imedk.com\/tienda\/?post_type=product&#038;p=2564"},"modified":"2023-12-05T19:18:59","modified_gmt":"2023-12-05T19:18:59","slug":"mitutoyo-293-257-30-micrometro-a-prueba-de-refrigerante-con-spc-275-a-300-mm","status":"publish","type":"product","link":"https:\/\/imedk.com\/tienda\/mitutoyo-293-257-30-micrometro-a-prueba-de-refrigerante-con-spc-275-a-300-mm\/","title":{"rendered":"Mitutoyo 293-257-30 micr\u00f3metro a prueba de refrigerante con spc, 275 a 300 mm"},"content":{"rendered":"<p>La serie MDC-MX de micr\u00f3metros digim\u00e1ticos tiene una optimizaci\u00f3n dr\u00e1stica en la eficacia de medici\u00f3n y tiene una mayor duraci\u00f3n de la bater\u00eda en comparaci\u00f3n con la versi\u00f3n previo.<\/p>\n<p><strong>Funciones:<\/strong><\/p>\n<ul>\n<li>Se emplea una superficie antideslizante con puntos en relieve para la cubierta del marco y el panel de superficie para lograr una medici\u00f3n estable del agarre.<\/li>\n<li>Se ha logrado aproximadamente 2,4 a\u00f1os de duraci\u00f3n de la bater\u00eda, lo que reduce la inconveniencia de reemplazar la bater\u00eda.<\/li>\n<li>Funci\u00f3n de encendido\/apagado autom\u00e1tico.<\/li>\n<li>Otras funciones inclu\u00edan: conjunto de origen, configuraci\u00f3n cero y retenci\u00f3n de datos.<\/li>\n<li>Nivel de protecci\u00f3n IP65, lo que permite su uso en entornos expuestos al aceite de corte, etc.<\/li>\n<\/ul>\n<p>&nbsp;<\/p>\n<h4>Mitutoyo 293-257-30 Especificaciones<\/h4>\n<table class=\"table table-striped\">\n<tbody>\n<tr>\n<td>Exactitud<\/td>\n<td>\u00b14 \u03bcm<\/td>\n<\/tr>\n<tr>\n<td>Resoluci\u00f3n<\/td>\n<td>.001 mm<\/td>\n<\/tr>\n<tr>\n<td>Gama<\/td>\n<td>De 275 a 300 mm<\/td>\n<\/tr>\n<tr>\n<td>Llanura<\/td>\n<td>0,3 \u03bcm<\/td>\n<\/tr>\n<tr>\n<td>Paralelismo<\/td>\n<td>5 \u03bcm<\/td>\n<\/tr>\n<tr>\n<td>Monitor<\/td>\n<td>LCD<\/td>\n<\/tr>\n<tr>\n<td>Bater\u00eda<\/td>\n<td>SR44 1 ud.<\/td>\n<\/tr>\n<tr>\n<td>Duraci\u00f3n de la bater\u00eda<\/td>\n<td>Aprox. 2,4 a\u00f1os bajo uso normal<\/td>\n<\/tr>\n<tr>\n<td>Nivel de protecci\u00f3n contra el polvo\/agua<\/td>\n<td>IP65<\/td>\n<\/tr>\n<\/tbody>\n<\/table>\n","protected":false},"excerpt":{"rendered":"<p>Un tipo est\u00e1ndar de micr\u00f3metro de la serie MDC-MX tiene un tope de trinquete y un puerto de salida para la transferencia SPC. Tiene un rango de medici\u00f3n de 275 a 300 mm y una resoluci\u00f3n de 0,001 mm con un nivel de protecci\u00f3n IP65.<\/p>\n","protected":false},"featured_media":2565,"comment_status":"open","ping_status":"closed","template":"","meta":[],"product_cat":[15],"product_tag":[],"class_list":{"0":"post-2564","1":"product","2":"type-product","3":"status-publish","4":"has-post-thumbnail","6":"product_cat-sin-categorizar","8":"first","9":"instock","10":"shipping-taxable","11":"product-type-simple"},"jetpack_sharing_enabled":true,"_links":{"self":[{"href":"https:\/\/imedk.com\/tienda\/wp-json\/wp\/v2\/product\/2564"}],"collection":[{"href":"https:\/\/imedk.com\/tienda\/wp-json\/wp\/v2\/product"}],"about":[{"href":"https:\/\/imedk.com\/tienda\/wp-json\/wp\/v2\/types\/product"}],"replies":[{"embeddable":true,"href":"https:\/\/imedk.com\/tienda\/wp-json\/wp\/v2\/comments?post=2564"}],"wp:featuredmedia":[{"embeddable":true,"href":"https:\/\/imedk.com\/tienda\/wp-json\/wp\/v2\/media\/2565"}],"wp:attachment":[{"href":"https:\/\/imedk.com\/tienda\/wp-json\/wp\/v2\/media?parent=2564"}],"wp:term":[{"taxonomy":"product_cat","embeddable":true,"href":"https:\/\/imedk.com\/tienda\/wp-json\/wp\/v2\/product_cat?post=2564"},{"taxonomy":"product_tag","embeddable":true,"href":"https:\/\/imedk.com\/tienda\/wp-json\/wp\/v2\/product_tag?post=2564"}],"curies":[{"name":"wp","href":"https:\/\/api.w.org\/{rel}","templated":true}]}}