{"id":3301,"date":"2023-12-19T19:52:29","date_gmt":"2023-12-19T19:52:29","guid":{"rendered":"https:\/\/www.imedk.com\/tienda\/?post_type=product&#038;p=3301"},"modified":"2023-12-19T19:52:29","modified_gmt":"2023-12-19T19:52:29","slug":"termohigrometro-digital-testo-625-0-a-100-hr-4-a-140f","status":"publish","type":"product","link":"https:\/\/imedk.com\/tienda\/termohigrometro-digital-testo-625-0-a-100-hr-4-a-140f\/","title":{"rendered":"Termohigr\u00f3metro digital testo 625, 0 a 100% hr, -4 a 140\u00b0f"},"content":{"rendered":"<p>Hecho para hacerlo mucho m\u00e1s simple , este instrumento de medici\u00f3n compacto proporciona lecturas exactas siempre que las necesite. Adem\u00e1s , es r\u00e1pido , maleable , f\u00e1cil de emplear y se conecta a su tel\u00e9fono capaz con la aplicaci\u00f3n capaz , proporcion\u00e1ndole una segunda pantalla. \u00a1Medir no podr\u00eda ser mucho m\u00e1s simple que esto!<\/p>\n<p><strong>Funciones:<\/strong><\/p>\n<ul>\n<li>Configuraci\u00f3n r\u00e1pida en la aplicaci\u00f3n, historial de gr\u00e1ficos, segunda pantalla y memoria de datos de medici\u00f3n en la aplicaci\u00f3n inteligente.<\/li>\n<li>Medici\u00f3n simple, r\u00e1pida y precisa de la temperatura del aire y la humedad relativa.<\/li>\n<li>C\u00e1lculo de medias cronometradas y multipunto.<\/li>\n<li>C\u00e1lculo del punto de roc\u00edo y la temperatura del bulbo h\u00famedo.<\/li>\n<li>Suena una alarma sonora si se supera un valor l\u00edmite.<\/li>\n<\/ul>\n<p><strong>F\u00e1cil<\/strong><\/p>\n<ul>\n<li>Aplicaci\u00f3n inteligente: configure, guarde, documente mediciones y mucho m\u00e1s.<\/li>\n<li>Dise\u00f1o compacto: f\u00e1cilmente disponible, guardado r\u00e1pidamente.<\/li>\n<li>Imprimir informes in situ: Todo en blanco y negro.<\/li>\n<li>Manejo intuitivo: alta tecnolog\u00eda reducida a lo esencial.<\/li>\n<li>Mano de obra robusta: cuando las cosas se ponen dif\u00edciles.<\/li>\n<\/ul>\n<p><strong>R\u00e1pido<\/strong><\/p>\n<ul>\n<li>Dos pantallas muestran m\u00e1s de una: muestra las curvas de medici\u00f3n de tus clientes en un smartphone, en tiempo real.<\/li>\n<li>Resultados de medici\u00f3n inmediatos: Con una sola mirada, todo est\u00e1 claro.<\/li>\n<li>C\u00e1lculo autom\u00e1tico del caudal volum\u00e9trico: el di\u00e1metro del conducto es suficiente.<\/li>\n<li>Configuraci\u00f3n con la aplicaci\u00f3n inteligente: cambie la configuraci\u00f3n con solo unos pocos clics.<\/li>\n<\/ul>\n<p><strong>Preciso<\/strong><\/p>\n<ul>\n<li>Mediciones complejas, simplificadas de forma compacta: por ejemplo, medici\u00f3n, ajustes y documentaci\u00f3n muy f\u00e1ciles de ventilar espacios habitables.<\/li>\n<li>Documentaci\u00f3n con la Smart App: Completamente sin papeleo.<\/li>\n<li>Men\u00fas de medici\u00f3n \u00fatiles: medici\u00f3n de un solo punto y curva de tiempo en cada instrumento.<\/li>\n<li>Sondas digitales probadas en la pr\u00e1ctica: para obtener resultados de medici\u00f3n estables, reproducibles y precisos a largo plazo.<\/li>\n<\/ul>\n<p><strong>Aplicaciones<\/strong><\/p>\n<ul>\n<li>Calidad del aire interior y confort.<\/li>\n<\/ul>\n<p><strong>Aplicaci\u00f3n inteligente<\/strong><\/p>\n<ul>\n<li>Presentaci\u00f3n gr\u00e1fica clara de las lecturas, por ejemplo, como una tabla, para una r\u00e1pida interpretaci\u00f3n de los resultados.<\/li>\n<li>Cree informes de medici\u00f3n digitales que incluyan fotos como archivos PDF \/ CSV en el sitio y env\u00edelos por correo electr\u00f3nico.<\/li>\n<li>Simple y r\u00e1pido: los men\u00fas de medici\u00f3n para numerosas aplicaciones proporcionan un soporte \u00f3ptimo en la configuraci\u00f3n y realizaci\u00f3n de la medici\u00f3n.<\/li>\n<\/ul>\n<p>&nbsp;<\/p>\n<h4>Testo 625 Especificaciones<\/h4>\n<table class=\"table table-striped\">\n<tbody>\n<tr>\n<td>Sensor de humedad (capacitivo)<\/td>\n<td>Rango de medici\u00f3n: 0 a 100% HR Precisi\u00f3n (\u00b11 d\u00edgito): 2.5% HR (5 a 95% HR)<br \/>\nResoluci\u00f3n: 0.1% HR<\/td>\n<\/tr>\n<tr>\n<td>NTC<\/td>\n<td>Rango de medici\u00f3n: -4 a 140 \u00b0F\/-20 a 60 \u00b0C Precisi\u00f3n (\u00b11 d\u00edgito): \u00b10.9 \u00b0F \/ \u00b10.5 \u00b0C Resoluci\u00f3n: 0.1 \u00b0F \/ 0.1 \u00b0C<\/td>\n<\/tr>\n<tr>\n<td>Par\u00e1metros de medici\u00f3n<\/td>\n<td>% HR, \u00b0F, \u00b0F td, \u00b0F dp, \u00b0C, \u00b0C td, \u00b0C dp<\/td>\n<\/tr>\n<tr>\n<td>Condiciones ambientales<\/td>\n<td>Temperatura de funcionamiento: Instrumento de medici\u00f3n: -4 a 122 \u00b0F (-20 a 50 \u00b0C)Sonda: -4 a 158 \u00b0F (-20 a 70 \u00b0C)Temperatura de almacenamiento:<br \/>\n-4 a 122 \u00b0F (-20 a 50 \u00b0C)<\/td>\n<\/tr>\n<tr>\n<td>Clase de protecci\u00f3n<\/td>\n<td>Instrumento de medici\u00f3n: IP40<br \/>\nSonda: IP20<\/td>\n<\/tr>\n<tr>\n<td>Material de la carcasa<\/td>\n<td>ABS + PC\/TPE<\/td>\n<\/tr>\n<tr>\n<td>Bater\u00eda<\/td>\n<td>Tipo: 3 x AA<br \/>\nVida: 100 horas<\/td>\n<\/tr>\n<tr>\n<td>Dimensiones<\/td>\n<td>Instrumento de medici\u00f3n: 8.2 x 2.4 x 1.1\u2033 (208.3 x 60.9 x 27.9 mm)Sonda: 0.47 x 0.59\u2033 (11.9 x 15 mm)<\/td>\n<\/tr>\n<tr>\n<td>Peso<\/td>\n<td>0,44 libras (199,6 g)<\/td>\n<\/tr>\n<\/tbody>\n<\/table>\n","protected":false},"excerpt":{"rendered":"<p>Hecho para hacerlo mucho m\u00e1s simple , este instrumento de medici\u00f3n compacto da lecturas exactas siempre que las necesite. Adem\u00e1s , es veloz , maleable , f\u00e1cil de emplear y se conecta a su tel\u00e9fono inteligente con la aplicaci\u00f3n inteligente , proporcion\u00e1ndole una segunda pantalla. \u00a1Medir no podr\u00eda ser mucho m\u00e1s f\u00e1cil que esto!<\/p>\n","protected":false},"featured_media":3302,"comment_status":"open","ping_status":"closed","template":"","meta":[],"product_cat":[15],"product_tag":[],"class_list":{"0":"post-3301","1":"product","2":"type-product","3":"status-publish","4":"has-post-thumbnail","6":"product_cat-sin-categorizar","8":"first","9":"instock","10":"shipping-taxable","11":"product-type-simple"},"jetpack_sharing_enabled":true,"_links":{"self":[{"href":"https:\/\/imedk.com\/tienda\/wp-json\/wp\/v2\/product\/3301"}],"collection":[{"href":"https:\/\/imedk.com\/tienda\/wp-json\/wp\/v2\/product"}],"about":[{"href":"https:\/\/imedk.com\/tienda\/wp-json\/wp\/v2\/types\/product"}],"replies":[{"embeddable":true,"href":"https:\/\/imedk.com\/tienda\/wp-json\/wp\/v2\/comments?post=3301"}],"wp:featuredmedia":[{"embeddable":true,"href":"https:\/\/imedk.com\/tienda\/wp-json\/wp\/v2\/media\/3302"}],"wp:attachment":[{"href":"https:\/\/imedk.com\/tienda\/wp-json\/wp\/v2\/media?parent=3301"}],"wp:term":[{"taxonomy":"product_cat","embeddable":true,"href":"https:\/\/imedk.com\/tienda\/wp-json\/wp\/v2\/product_cat?post=3301"},{"taxonomy":"product_tag","embeddable":true,"href":"https:\/\/imedk.com\/tienda\/wp-json\/wp\/v2\/product_tag?post=3301"}],"curies":[{"name":"wp","href":"https:\/\/api.w.org\/{rel}","templated":true}]}}