{"id":3314,"date":"2023-12-19T20:29:29","date_gmt":"2023-12-19T20:29:29","guid":{"rendered":"https:\/\/www.imedk.com\/tienda\/?post_type=product&#038;p=3314"},"modified":"2023-12-19T20:29:30","modified_gmt":"2023-12-19T20:29:30","slug":"registrador-de-datos-de-temperatura-usb-testo-184-t3-con-lcd-ilimitado","status":"publish","type":"product","link":"https:\/\/imedk.com\/tienda\/registrador-de-datos-de-temperatura-usb-testo-184-t3-con-lcd-ilimitado\/","title":{"rendered":"Registrador de datos de temperatura usb testo 184-t3 con lcd, ilimitado"},"content":{"rendered":"<p>Con configuraci\u00f3n, reportes y certificados de medici\u00f3n integrados, el registrador de temperatura testo 184 T3 es ideal para supervisar el transporte de la cadena de fr\u00edo. Las luces LED de estado indican cu\u00e1ndo se han sobrepasado los l\u00edmites concretados y los registradores de la serie 184 suprimen las afecciones de las mercanc\u00edas sensibles a la temperatura, el monitoreo del transporte y la documentaci\u00f3n.<\/p>\n<p><strong>Funciones:<\/strong><\/p>\n<ul>\n<li>Bater\u00eda de larga duraci\u00f3n de hasta 500 d\u00edas consecutivos con gran memoria capaz de 40.000 lecturas.<\/li>\n<li>Cumple con GxP, ISO 9001:2008, FDA 21 CFR Parte 11, EN 12830 y HACCP International.<\/li>\n<li>Los informes PDF permiten un acceso r\u00e1pido a la documentaci\u00f3n no corruptible, \u00a1sin software instalado!.<\/li>\n<li>El certificado de calibraci\u00f3n electr\u00f3nica a bordo elimina las molestias de mantener la trazabilidad.<\/li>\n<li>Clase de protecci\u00f3n IP67.<\/li>\n<li>Bater\u00eda reemplazable para uso ilimitado.<\/li>\n<li>F\u00e1cil configuraci\u00f3n en cualquier ordenador con archivos precargados.<\/li>\n<li>NFC (Near Field Communication) permite un f\u00e1cil acceso a la documentaci\u00f3n con un dispositivo compatible.<\/li>\n<\/ul>\n<p>&nbsp;<\/p>\n<p><strong>Aplicaciones:<\/strong><\/p>\n<ul>\n<li>Monitorizaci\u00f3n y documentaci\u00f3n de temperatura.<\/li>\n<li>Humedad y choque en servicios farmac\u00e9uticos.<\/li>\n<li>Alimentarios.<\/li>\n<li>Transporte de flores o cualquier tipo de servicios log\u00edsticos.<\/li>\n<\/ul>\n<h4><\/h4>\n<h4>Registrador de datos de transporte USB de temperatura Testo 184 T3 con especificaciones de pantalla LCD<\/h4>\n<table class=\"table table-striped\">\n<tbody>\n<tr>\n<td>Rango de medici\u00f3n NTC<\/td>\n<td>-35 hasta +70\u00b0C<\/td>\n<\/tr>\n<tr>\n<td>Exactitud<\/td>\n<td>\u00b10,5 \u00b0C<\/td>\n<\/tr>\n<tr>\n<td>Resoluci\u00f3n<\/td>\n<td>0.1\u00b0C<\/td>\n<\/tr>\n<tr>\n<td>Temperatura de almacenamiento<\/td>\n<td>-55 hasta +70\u00b0C<\/td>\n<\/tr>\n<tr>\n<td>Dimensiones<\/td>\n<td>44 x 12 x 97 mm<\/td>\n<\/tr>\n<\/tbody>\n<\/table>\n","protected":false},"excerpt":{"rendered":"<p>Con configuraci\u00f3n, reportes y certificados de medici\u00f3n integrados, el registrador de temperatura testo 184 T3 es perfecto para supervisar el transporte de la cadena de fr\u00edo. Las luces LED de estado indican cu\u00e1ndo se han sobrepasado los l\u00edmites especificados y los registradores de la serie 184 eliminan las afecciones de las mercanc\u00edas sensibles a la temperatura, el monitoreo del transporte y la documentaci\u00f3n.<\/p>\n","protected":false},"featured_media":3315,"comment_status":"open","ping_status":"closed","template":"","meta":[],"product_cat":[15],"product_tag":[],"class_list":{"0":"post-3314","1":"product","2":"type-product","3":"status-publish","4":"has-post-thumbnail","6":"product_cat-sin-categorizar","8":"first","9":"instock","10":"shipping-taxable","11":"product-type-simple"},"jetpack_sharing_enabled":true,"_links":{"self":[{"href":"https:\/\/imedk.com\/tienda\/wp-json\/wp\/v2\/product\/3314"}],"collection":[{"href":"https:\/\/imedk.com\/tienda\/wp-json\/wp\/v2\/product"}],"about":[{"href":"https:\/\/imedk.com\/tienda\/wp-json\/wp\/v2\/types\/product"}],"replies":[{"embeddable":true,"href":"https:\/\/imedk.com\/tienda\/wp-json\/wp\/v2\/comments?post=3314"}],"wp:featuredmedia":[{"embeddable":true,"href":"https:\/\/imedk.com\/tienda\/wp-json\/wp\/v2\/media\/3315"}],"wp:attachment":[{"href":"https:\/\/imedk.com\/tienda\/wp-json\/wp\/v2\/media?parent=3314"}],"wp:term":[{"taxonomy":"product_cat","embeddable":true,"href":"https:\/\/imedk.com\/tienda\/wp-json\/wp\/v2\/product_cat?post=3314"},{"taxonomy":"product_tag","embeddable":true,"href":"https:\/\/imedk.com\/tienda\/wp-json\/wp\/v2\/product_tag?post=3314"}],"curies":[{"name":"wp","href":"https:\/\/api.w.org\/{rel}","templated":true}]}}